{"id":9271,"date":"2025-04-28T13:57:34","date_gmt":"2025-04-28T11:57:34","guid":{"rendered":"https:\/\/beautybusinessholland.com\/product\/picosecond-laser-platine\/"},"modified":"2026-04-03T11:46:29","modified_gmt":"2026-04-03T09:46:29","slug":"picosecond-laser-platina","status":"publish","type":"product","link":"https:\/\/beautybusinessholland.com\/fr\/produit\/picosecond-laser-platina\/","title":{"rendered":"PicoSecond Laser Platina"},"content":{"rendered":"<p>Le PicoSecond Platinum est un laser picoseconde avanc\u00e9 pour l\u2019\u00e9limination des pigments, le rajeunissement de la peau et le d\u00e9tatouage avec un temps de r\u00e9cup\u00e9ration minimal. Gr\u00e2ce \u00e0 une dur\u00e9e d\u2019impulsion ultra-courte (1 % d\u2019un laser Q-Switch traditionnel), le pigment est concass\u00e9 plus finement, rendant les traitements plus efficaces avec moins de risque de dommages tissulaires. Cette technologie permet de traiter la pigmentation tenace, le m\u00e9lasma, les cicatrices d\u2019acn\u00e9, les tatouages et les ridules de fa\u00e7on s\u00fbre et rapide. Avec cinq modes de traitement, dont PTP, Pico, Long Pulse et Multi Pulse, et des param\u00e8tres ajustables, le traitement peut toujours \u00eatre pr\u00e9cis\u00e9ment adapt\u00e9 aux besoins du client. L\u2019action photom\u00e9canique puissante am\u00e9liore la structure de la peau et le teint sans endommager la chaleur. Le syst\u00e8me est \u00e9quip\u00e9 d\u2019interverrouillages de s\u00e9curit\u00e9, de refroidissement par eau, de d\u00e9tection de pannes et de signaux d\u2019alarme pour une fiabilit\u00e9 maximale dans un usage professionnel. Le PicoSecond Platinum offre des r\u00e9sultats cliniques de haute qualit\u00e9, m\u00eame pour les peaux plus fonc\u00e9es ou les zones sensibles.     <\/p>\n","protected":false},"excerpt":{"rendered":"<p>Le PicoSecond Platinum est un laser picoseconde avanc\u00e9 pour l\u2019\u00e9limination des pigments, le rajeunissement de la peau et le d\u00e9tatouage avec un temps de r\u00e9cup\u00e9ration minimal.<\/p>\n","protected":false},"featured_media":7885,"template":"","meta":{"_acf_changed":false,"footnotes":""},"product_brand":[],"product_cat":[84,82],"product_tag":[],"class_list":{"0":"post-9271","1":"product","2":"type-product","3":"status-publish","4":"has-post-thumbnail","6":"product_cat-picoseconde-yag","7":"product_cat-tout-lequipement","9":"first","10":"instock","11":"shipping-taxable","12":"purchasable","13":"product-type-simple"},"acf":[],"yoast_head":"<!-- This site is optimized with the Yoast SEO plugin v27.3 - https:\/\/yoast.com\/product\/yoast-seo-wordpress\/ -->\n<title>Acheter un laser \u00e0 picosecondes | \u00c9limination des tatouages et des pigments | Beauty Business Holland<\/title>\n<meta name=\"description\" content=\"Achetez un laser professionnel \u00e0 la picoseconde pour l\u2019\u00e9limination des tatouages et les traitements pigmentaires. Le PicoSecond Platinum offre des impulsions ultra-courtes puissantes et une grande pr\u00e9cision.\" \/>\n<meta name=\"robots\" content=\"index, follow, max-snippet:-1, max-image-preview:large, max-video-preview:-1\" \/>\n<link rel=\"canonical\" href=\"https:\/\/beautybusinessholland.com\/fr\/produit\/picosecond-laser-platina\/\" \/>\n<meta property=\"og:locale\" content=\"fr_FR\" \/>\n<meta property=\"og:type\" content=\"article\" \/>\n<meta property=\"og:title\" content=\"Acheter un laser \u00e0 picosecondes | \u00c9limination des tatouages et des pigments | Beauty Business Holland\" \/>\n<meta property=\"og:description\" content=\"Achetez un laser professionnel \u00e0 la picoseconde pour l\u2019\u00e9limination des tatouages et les traitements pigmentaires. Le PicoSecond Platinum offre des impulsions ultra-courtes puissantes et une grande pr\u00e9cision.\" \/>\n<meta property=\"og:url\" content=\"https:\/\/beautybusinessholland.com\/fr\/produit\/picosecond-laser-platina\/\" \/>\n<meta property=\"og:site_name\" content=\"Beauty Business Holland\" \/>\n<meta property=\"article:modified_time\" content=\"2026-04-03T09:46:29+00:00\" \/>\n<meta property=\"og:image\" content=\"https:\/\/beautybusinessholland.com\/wp-content\/uploads\/2025\/04\/PicoSecond1.png\" \/>\n\t<meta property=\"og:image:width\" content=\"1200\" \/>\n\t<meta property=\"og:image:height\" content=\"1200\" \/>\n\t<meta property=\"og:image:type\" content=\"image\/png\" \/>\n<meta name=\"twitter:card\" content=\"summary_large_image\" \/>\n<meta name=\"twitter:label1\" content=\"Dur\u00e9e de lecture estim\u00e9e\" \/>\n\t<meta name=\"twitter:data1\" content=\"2 minutes\" \/>\n<script type=\"application\/ld+json\" class=\"yoast-schema-graph\">{\"@context\":\"https:\\\/\\\/schema.org\",\"@graph\":[{\"@type\":\"WebPage\",\"@id\":\"https:\\\/\\\/beautybusinessholland.com\\\/fr\\\/produit\\\/picosecond-laser-platina\\\/\",\"url\":\"https:\\\/\\\/beautybusinessholland.com\\\/fr\\\/produit\\\/picosecond-laser-platina\\\/\",\"name\":\"Acheter un laser \u00e0 picosecondes | \u00c9limination des tatouages et des pigments | Beauty Business Holland\",\"isPartOf\":{\"@id\":\"https:\\\/\\\/beautybusinessholland.com\\\/fr\\\/#website\"},\"primaryImageOfPage\":{\"@id\":\"https:\\\/\\\/beautybusinessholland.com\\\/fr\\\/produit\\\/picosecond-laser-platina\\\/#primaryimage\"},\"image\":{\"@id\":\"https:\\\/\\\/beautybusinessholland.com\\\/fr\\\/produit\\\/picosecond-laser-platina\\\/#primaryimage\"},\"thumbnailUrl\":\"https:\\\/\\\/beautybusinessholland.com\\\/wp-content\\\/uploads\\\/2025\\\/04\\\/PicoSecond1.png\",\"datePublished\":\"2025-04-28T11:57:34+00:00\",\"dateModified\":\"2026-04-03T09:46:29+00:00\",\"description\":\"Achetez un laser professionnel \u00e0 la picoseconde pour l\u2019\u00e9limination des tatouages et les traitements pigmentaires. Le PicoSecond Platinum offre des impulsions ultra-courtes puissantes et une grande pr\u00e9cision.\",\"breadcrumb\":{\"@id\":\"https:\\\/\\\/beautybusinessholland.com\\\/fr\\\/produit\\\/picosecond-laser-platina\\\/#breadcrumb\"},\"inLanguage\":\"fr-FR\",\"potentialAction\":[{\"@type\":\"ReadAction\",\"target\":[\"https:\\\/\\\/beautybusinessholland.com\\\/fr\\\/produit\\\/picosecond-laser-platina\\\/\"]}]},{\"@type\":\"ImageObject\",\"inLanguage\":\"fr-FR\",\"@id\":\"https:\\\/\\\/beautybusinessholland.com\\\/fr\\\/produit\\\/picosecond-laser-platina\\\/#primaryimage\",\"url\":\"https:\\\/\\\/beautybusinessholland.com\\\/wp-content\\\/uploads\\\/2025\\\/04\\\/PicoSecond1.png\",\"contentUrl\":\"https:\\\/\\\/beautybusinessholland.com\\\/wp-content\\\/uploads\\\/2025\\\/04\\\/PicoSecond1.png\",\"width\":1200,\"height\":1200},{\"@type\":\"BreadcrumbList\",\"@id\":\"https:\\\/\\\/beautybusinessholland.com\\\/fr\\\/produit\\\/picosecond-laser-platina\\\/#breadcrumb\",\"itemListElement\":[{\"@type\":\"ListItem\",\"position\":1,\"name\":\"Domicile\",\"item\":\"https:\\\/\\\/beautybusinessholland.com\\\/fr\\\/entreprise-de-beaute-hollande\\\/\"},{\"@type\":\"ListItem\",\"position\":2,\"name\":\"Boutique\",\"item\":\"https:\\\/\\\/beautybusinessholland.com\\\/fr\\\/boutique\\\/\"},{\"@type\":\"ListItem\",\"position\":3,\"name\":\"PicoSecond Laser Platina\"}]},{\"@type\":\"WebSite\",\"@id\":\"https:\\\/\\\/beautybusinessholland.com\\\/fr\\\/#website\",\"url\":\"https:\\\/\\\/beautybusinessholland.com\\\/fr\\\/\",\"name\":\"Beauty Business Holland\",\"description\":\"Beauty &amp; Health Care\",\"publisher\":{\"@id\":\"https:\\\/\\\/beautybusinessholland.com\\\/fr\\\/#organization\"},\"potentialAction\":[{\"@type\":\"SearchAction\",\"target\":{\"@type\":\"EntryPoint\",\"urlTemplate\":\"https:\\\/\\\/beautybusinessholland.com\\\/fr\\\/?s={search_term_string}\"},\"query-input\":{\"@type\":\"PropertyValueSpecification\",\"valueRequired\":true,\"valueName\":\"search_term_string\"}}],\"inLanguage\":\"fr-FR\"},{\"@type\":\"Organization\",\"@id\":\"https:\\\/\\\/beautybusinessholland.com\\\/fr\\\/#organization\",\"name\":\"Beauty Business Holland\",\"url\":\"https:\\\/\\\/beautybusinessholland.com\\\/fr\\\/\",\"logo\":{\"@type\":\"ImageObject\",\"inLanguage\":\"fr-FR\",\"@id\":\"https:\\\/\\\/beautybusinessholland.com\\\/fr\\\/#\\\/schema\\\/logo\\\/image\\\/\",\"url\":\"https:\\\/\\\/beautybusinessholland.com\\\/wp-content\\\/uploads\\\/2025\\\/04\\\/email-logo.png\",\"contentUrl\":\"https:\\\/\\\/beautybusinessholland.com\\\/wp-content\\\/uploads\\\/2025\\\/04\\\/email-logo.png\",\"width\":300,\"height\":79,\"caption\":\"Beauty Business Holland\"},\"image\":{\"@id\":\"https:\\\/\\\/beautybusinessholland.com\\\/fr\\\/#\\\/schema\\\/logo\\\/image\\\/\"}}]}<\/script>\n<!-- \/ Yoast SEO plugin. -->","yoast_head_json":{"title":"Acheter un laser \u00e0 picosecondes | \u00c9limination des tatouages et des pigments | Beauty Business Holland","description":"Achetez un laser professionnel \u00e0 la picoseconde pour l\u2019\u00e9limination des tatouages et les traitements pigmentaires. Le PicoSecond Platinum offre des impulsions ultra-courtes puissantes et une grande pr\u00e9cision.","robots":{"index":"index","follow":"follow","max-snippet":"max-snippet:-1","max-image-preview":"max-image-preview:large","max-video-preview":"max-video-preview:-1"},"canonical":"https:\/\/beautybusinessholland.com\/fr\/produit\/picosecond-laser-platina\/","og_locale":"fr_FR","og_type":"article","og_title":"Acheter un laser \u00e0 picosecondes | \u00c9limination des tatouages et des pigments | Beauty Business Holland","og_description":"Achetez un laser professionnel \u00e0 la picoseconde pour l\u2019\u00e9limination des tatouages et les traitements pigmentaires. Le PicoSecond Platinum offre des impulsions ultra-courtes puissantes et une grande pr\u00e9cision.","og_url":"https:\/\/beautybusinessholland.com\/fr\/produit\/picosecond-laser-platina\/","og_site_name":"Beauty Business Holland","article_modified_time":"2026-04-03T09:46:29+00:00","og_image":[{"width":1200,"height":1200,"url":"https:\/\/beautybusinessholland.com\/wp-content\/uploads\/2025\/04\/PicoSecond1.png","type":"image\/png"}],"twitter_card":"summary_large_image","twitter_misc":{"Dur\u00e9e de lecture estim\u00e9e":"2 minutes"},"schema":{"@context":"https:\/\/schema.org","@graph":[{"@type":"WebPage","@id":"https:\/\/beautybusinessholland.com\/fr\/produit\/picosecond-laser-platina\/","url":"https:\/\/beautybusinessholland.com\/fr\/produit\/picosecond-laser-platina\/","name":"Acheter un laser \u00e0 picosecondes | \u00c9limination des tatouages et des pigments | Beauty Business Holland","isPartOf":{"@id":"https:\/\/beautybusinessholland.com\/fr\/#website"},"primaryImageOfPage":{"@id":"https:\/\/beautybusinessholland.com\/fr\/produit\/picosecond-laser-platina\/#primaryimage"},"image":{"@id":"https:\/\/beautybusinessholland.com\/fr\/produit\/picosecond-laser-platina\/#primaryimage"},"thumbnailUrl":"https:\/\/beautybusinessholland.com\/wp-content\/uploads\/2025\/04\/PicoSecond1.png","datePublished":"2025-04-28T11:57:34+00:00","dateModified":"2026-04-03T09:46:29+00:00","description":"Achetez un laser professionnel \u00e0 la picoseconde pour l\u2019\u00e9limination des tatouages et les traitements pigmentaires. Le PicoSecond Platinum offre des impulsions ultra-courtes puissantes et une grande pr\u00e9cision.","breadcrumb":{"@id":"https:\/\/beautybusinessholland.com\/fr\/produit\/picosecond-laser-platina\/#breadcrumb"},"inLanguage":"fr-FR","potentialAction":[{"@type":"ReadAction","target":["https:\/\/beautybusinessholland.com\/fr\/produit\/picosecond-laser-platina\/"]}]},{"@type":"ImageObject","inLanguage":"fr-FR","@id":"https:\/\/beautybusinessholland.com\/fr\/produit\/picosecond-laser-platina\/#primaryimage","url":"https:\/\/beautybusinessholland.com\/wp-content\/uploads\/2025\/04\/PicoSecond1.png","contentUrl":"https:\/\/beautybusinessholland.com\/wp-content\/uploads\/2025\/04\/PicoSecond1.png","width":1200,"height":1200},{"@type":"BreadcrumbList","@id":"https:\/\/beautybusinessholland.com\/fr\/produit\/picosecond-laser-platina\/#breadcrumb","itemListElement":[{"@type":"ListItem","position":1,"name":"Domicile","item":"https:\/\/beautybusinessholland.com\/fr\/entreprise-de-beaute-hollande\/"},{"@type":"ListItem","position":2,"name":"Boutique","item":"https:\/\/beautybusinessholland.com\/fr\/boutique\/"},{"@type":"ListItem","position":3,"name":"PicoSecond Laser Platina"}]},{"@type":"WebSite","@id":"https:\/\/beautybusinessholland.com\/fr\/#website","url":"https:\/\/beautybusinessholland.com\/fr\/","name":"Beauty Business Holland","description":"Beauty &amp; Health Care","publisher":{"@id":"https:\/\/beautybusinessholland.com\/fr\/#organization"},"potentialAction":[{"@type":"SearchAction","target":{"@type":"EntryPoint","urlTemplate":"https:\/\/beautybusinessholland.com\/fr\/?s={search_term_string}"},"query-input":{"@type":"PropertyValueSpecification","valueRequired":true,"valueName":"search_term_string"}}],"inLanguage":"fr-FR"},{"@type":"Organization","@id":"https:\/\/beautybusinessholland.com\/fr\/#organization","name":"Beauty Business Holland","url":"https:\/\/beautybusinessholland.com\/fr\/","logo":{"@type":"ImageObject","inLanguage":"fr-FR","@id":"https:\/\/beautybusinessholland.com\/fr\/#\/schema\/logo\/image\/","url":"https:\/\/beautybusinessholland.com\/wp-content\/uploads\/2025\/04\/email-logo.png","contentUrl":"https:\/\/beautybusinessholland.com\/wp-content\/uploads\/2025\/04\/email-logo.png","width":300,"height":79,"caption":"Beauty Business Holland"},"image":{"@id":"https:\/\/beautybusinessholland.com\/fr\/#\/schema\/logo\/image\/"}}]}},"_links":{"self":[{"href":"https:\/\/beautybusinessholland.com\/fr\/wp-json\/wp\/v2\/product\/9271","targetHints":{"allow":["GET"]}}],"collection":[{"href":"https:\/\/beautybusinessholland.com\/fr\/wp-json\/wp\/v2\/product"}],"about":[{"href":"https:\/\/beautybusinessholland.com\/fr\/wp-json\/wp\/v2\/types\/product"}],"version-history":[{"count":1,"href":"https:\/\/beautybusinessholland.com\/fr\/wp-json\/wp\/v2\/product\/9271\/revisions"}],"predecessor-version":[{"id":14486,"href":"https:\/\/beautybusinessholland.com\/fr\/wp-json\/wp\/v2\/product\/9271\/revisions\/14486"}],"wp:featuredmedia":[{"embeddable":true,"href":"https:\/\/beautybusinessholland.com\/fr\/wp-json\/wp\/v2\/media\/7885"}],"wp:attachment":[{"href":"https:\/\/beautybusinessholland.com\/fr\/wp-json\/wp\/v2\/media?parent=9271"}],"wp:term":[{"taxonomy":"product_brand","embeddable":true,"href":"https:\/\/beautybusinessholland.com\/fr\/wp-json\/wp\/v2\/product_brand?post=9271"},{"taxonomy":"product_cat","embeddable":true,"href":"https:\/\/beautybusinessholland.com\/fr\/wp-json\/wp\/v2\/product_cat?post=9271"},{"taxonomy":"product_tag","embeddable":true,"href":"https:\/\/beautybusinessholland.com\/fr\/wp-json\/wp\/v2\/product_tag?post=9271"}],"curies":[{"name":"wp","href":"https:\/\/api.w.org\/{rel}","templated":true}]}}