{"id":9285,"date":"2025-08-21T13:30:47","date_gmt":"2025-08-21T11:30:47","guid":{"rendered":"https:\/\/beautybusinessholland.com\/product\/pod-dequilibre\/"},"modified":"2025-11-18T11:19:29","modified_gmt":"2025-11-18T10:19:29","slug":"balance-pod","status":"publish","type":"product","link":"https:\/\/beautybusinessholland.com\/fr\/produit\/balance-pod\/","title":{"rendered":"Balance Pod"},"content":{"rendered":"<p>Le Balance Pod Oxygen Facial purifie, \u00e9quilibre et affine la peau. Gr\u00e2ce au charbon de bois, \u00e0 l\u2019acide mand\u00e9lique et \u00e0 l\u2019extrait de camu camu, les pores sont nettoy\u00e9s en profondeur, l\u2019exc\u00e8s de s\u00e9bum est r\u00e9duit et la peau est rafra\u00eechie. Parfait pour les peaux \u00e0 imperfections ou grasses qui ont besoin d\u2019\u00eatre r\u00e9\u00e9quilibr\u00e9es.  <\/p>\n","protected":false},"excerpt":{"rendered":"<p>Le Balance Pod Oxygen Facial purifie, \u00e9quilibre et affine la peau. Gr\u00e2ce au charbon de bois, \u00e0 l\u2019acide mand\u00e9lique et \u00e0 l\u2019extrait de camu camu, les pores sont nettoy\u00e9s en profondeur, l\u2019exc\u00e8s de s\u00e9bum est r\u00e9duit et la peau est rafra\u00eechie. Parfait pour les peaux \u00e0 imperfections ou grasses qui ont besoin d\u2019\u00eatre r\u00e9\u00e9quilibr\u00e9es.<\/p>\n","protected":false},"featured_media":8053,"template":"","meta":{"_acf_changed":false,"footnotes":""},"product_brand":[],"product_cat":[94],"product_tag":[],"class_list":{"0":"post-9285","1":"product","2":"type-product","3":"status-publish","4":"has-post-thumbnail","6":"product_cat-capsules-doxygene","8":"first","9":"instock","10":"shipping-taxable","11":"purchasable","12":"product-type-simple"},"acf":[],"yoast_head":"<!-- This site is optimized with the Yoast SEO plugin v27.5 - https:\/\/yoast.com\/product\/yoast-seo-wordpress\/ -->\n<title>Balance Pod - Beauty Business Holland<\/title>\n<meta name=\"robots\" content=\"index, follow, max-snippet:-1, max-image-preview:large, max-video-preview:-1\" \/>\n<link rel=\"canonical\" href=\"https:\/\/beautybusinessholland.com\/fr\/produit\/balance-pod\/\" \/>\n<meta property=\"og:locale\" content=\"fr_FR\" \/>\n<meta property=\"og:type\" content=\"article\" \/>\n<meta property=\"og:title\" content=\"Balance Pod - Beauty Business Holland\" \/>\n<meta property=\"og:description\" content=\"Le Balance Pod Oxygen Facial purifie, \u00e9quilibre et affine la peau. Gr\u00e2ce au charbon de bois, \u00e0 l\u2019acide mand\u00e9lique et \u00e0 l\u2019extrait de camu camu, les pores sont nettoy\u00e9s en profondeur, l\u2019exc\u00e8s de s\u00e9bum est r\u00e9duit et la peau est rafra\u00eechie. Parfait pour les peaux \u00e0 imperfections ou grasses qui ont besoin d\u2019\u00eatre r\u00e9\u00e9quilibr\u00e9es.\" \/>\n<meta property=\"og:url\" content=\"https:\/\/beautybusinessholland.com\/fr\/produit\/balance-pod\/\" \/>\n<meta property=\"og:site_name\" content=\"Beauty Business Holland\" \/>\n<meta property=\"article:modified_time\" content=\"2025-11-18T10:19:29+00:00\" \/>\n<meta property=\"og:image\" content=\"https:\/\/beautybusinessholland.com\/wp-content\/uploads\/2025\/08\/balance-oxygen-pods.webp\" \/>\n\t<meta property=\"og:image:width\" content=\"800\" \/>\n\t<meta property=\"og:image:height\" content=\"800\" \/>\n\t<meta property=\"og:image:type\" content=\"image\/webp\" \/>\n<meta name=\"twitter:card\" content=\"summary_large_image\" \/>\n<meta name=\"twitter:label1\" content=\"Dur\u00e9e de lecture estim\u00e9e\" \/>\n\t<meta name=\"twitter:data1\" content=\"1 minute\" \/>\n<!-- \/ Yoast SEO plugin. -->","yoast_head_json":{"title":"Balance Pod - Beauty Business Holland","robots":{"index":"index","follow":"follow","max-snippet":"max-snippet:-1","max-image-preview":"max-image-preview:large","max-video-preview":"max-video-preview:-1"},"canonical":"https:\/\/beautybusinessholland.com\/fr\/produit\/balance-pod\/","og_locale":"fr_FR","og_type":"article","og_title":"Balance Pod - Beauty Business Holland","og_description":"Le Balance Pod Oxygen Facial purifie, \u00e9quilibre et affine la peau. Gr\u00e2ce au charbon de bois, \u00e0 l\u2019acide mand\u00e9lique et \u00e0 l\u2019extrait de camu camu, les pores sont nettoy\u00e9s en profondeur, l\u2019exc\u00e8s de s\u00e9bum est r\u00e9duit et la peau est rafra\u00eechie. Parfait pour les peaux \u00e0 imperfections ou grasses qui ont besoin d\u2019\u00eatre r\u00e9\u00e9quilibr\u00e9es.","og_url":"https:\/\/beautybusinessholland.com\/fr\/produit\/balance-pod\/","og_site_name":"Beauty Business Holland","article_modified_time":"2025-11-18T10:19:29+00:00","og_image":[{"width":800,"height":800,"url":"https:\/\/beautybusinessholland.com\/wp-content\/uploads\/2025\/08\/balance-oxygen-pods.webp","type":"image\/webp"}],"twitter_card":"summary_large_image","twitter_misc":{"Dur\u00e9e de lecture estim\u00e9e":"1 minute"},"schema":{"@context":"https:\/\/schema.org","@graph":[{"@type":"WebPage","@id":"https:\/\/beautybusinessholland.com\/fr\/produit\/balance-pod\/","url":"https:\/\/beautybusinessholland.com\/fr\/produit\/balance-pod\/","name":"Balance Pod - Beauty Business Holland","isPartOf":{"@id":"https:\/\/beautybusinessholland.com\/fr\/#website"},"primaryImageOfPage":{"@id":"https:\/\/beautybusinessholland.com\/fr\/produit\/balance-pod\/#primaryimage"},"image":{"@id":"https:\/\/beautybusinessholland.com\/fr\/produit\/balance-pod\/#primaryimage"},"thumbnailUrl":"https:\/\/beautybusinessholland.com\/wp-content\/uploads\/2025\/08\/balance-oxygen-pods.webp","datePublished":"2025-08-21T11:30:47+00:00","dateModified":"2025-11-18T10:19:29+00:00","breadcrumb":{"@id":"https:\/\/beautybusinessholland.com\/fr\/produit\/balance-pod\/#breadcrumb"},"inLanguage":"fr-FR","potentialAction":[{"@type":"ReadAction","target":["https:\/\/beautybusinessholland.com\/fr\/produit\/balance-pod\/"]}]},{"@type":"ImageObject","inLanguage":"fr-FR","@id":"https:\/\/beautybusinessholland.com\/fr\/produit\/balance-pod\/#primaryimage","url":"https:\/\/beautybusinessholland.com\/wp-content\/uploads\/2025\/08\/balance-oxygen-pods.webp","contentUrl":"https:\/\/beautybusinessholland.com\/wp-content\/uploads\/2025\/08\/balance-oxygen-pods.webp","width":800,"height":800},{"@type":"BreadcrumbList","@id":"https:\/\/beautybusinessholland.com\/fr\/produit\/balance-pod\/#breadcrumb","itemListElement":[{"@type":"ListItem","position":1,"name":"Domicile","item":"https:\/\/beautybusinessholland.com\/fr\/"},{"@type":"ListItem","position":2,"name":"Boutique","item":"https:\/\/beautybusinessholland.com\/fr\/boutique\/"},{"@type":"ListItem","position":3,"name":"Balance Pod"}]},{"@type":"WebSite","@id":"https:\/\/beautybusinessholland.com\/fr\/#website","url":"https:\/\/beautybusinessholland.com\/fr\/","name":"Beauty Business Holland","description":"Beauty &amp; Health Care","publisher":{"@id":"https:\/\/beautybusinessholland.com\/fr\/#organization"},"potentialAction":[{"@type":"SearchAction","target":{"@type":"EntryPoint","urlTemplate":"https:\/\/beautybusinessholland.com\/fr\/?s={search_term_string}"},"query-input":{"@type":"PropertyValueSpecification","valueRequired":true,"valueName":"search_term_string"}}],"inLanguage":"fr-FR"},{"@type":"Organization","@id":"https:\/\/beautybusinessholland.com\/fr\/#organization","name":"Beauty Business Holland","url":"https:\/\/beautybusinessholland.com\/fr\/","logo":{"@type":"ImageObject","inLanguage":"fr-FR","@id":"https:\/\/beautybusinessholland.com\/fr\/#\/schema\/logo\/image\/","url":"https:\/\/beautybusinessholland.com\/wp-content\/uploads\/2025\/04\/email-logo.png","contentUrl":"https:\/\/beautybusinessholland.com\/wp-content\/uploads\/2025\/04\/email-logo.png","width":300,"height":79,"caption":"Beauty Business Holland"},"image":{"@id":"https:\/\/beautybusinessholland.com\/fr\/#\/schema\/logo\/image\/"}}]}},"_links":{"self":[{"href":"https:\/\/beautybusinessholland.com\/fr\/wp-json\/wp\/v2\/product\/9285","targetHints":{"allow":["GET"]}}],"collection":[{"href":"https:\/\/beautybusinessholland.com\/fr\/wp-json\/wp\/v2\/product"}],"about":[{"href":"https:\/\/beautybusinessholland.com\/fr\/wp-json\/wp\/v2\/types\/product"}],"version-history":[{"count":0,"href":"https:\/\/beautybusinessholland.com\/fr\/wp-json\/wp\/v2\/product\/9285\/revisions"}],"wp:featuredmedia":[{"embeddable":true,"href":"https:\/\/beautybusinessholland.com\/fr\/wp-json\/wp\/v2\/media\/8053"}],"wp:attachment":[{"href":"https:\/\/beautybusinessholland.com\/fr\/wp-json\/wp\/v2\/media?parent=9285"}],"wp:term":[{"taxonomy":"product_brand","embeddable":true,"href":"https:\/\/beautybusinessholland.com\/fr\/wp-json\/wp\/v2\/product_brand?post=9285"},{"taxonomy":"product_cat","embeddable":true,"href":"https:\/\/beautybusinessholland.com\/fr\/wp-json\/wp\/v2\/product_cat?post=9285"},{"taxonomy":"product_tag","embeddable":true,"href":"https:\/\/beautybusinessholland.com\/fr\/wp-json\/wp\/v2\/product_tag?post=9285"}],"curies":[{"name":"wp","href":"https:\/\/api.w.org\/{rel}","templated":true}]}}