{"id":9751,"date":"2025-10-03T13:44:54","date_gmt":"2025-10-03T11:44:54","guid":{"rendered":"https:\/\/beautybusinessholland.com\/product\/stayve-ac-ampoule-or-cellules-souches\/"},"modified":"2025-11-18T11:15:47","modified_gmt":"2025-11-18T10:15:47","slug":"stayve-ac-stem-cell-gold-ampoule","status":"publish","type":"product","link":"https:\/\/beautybusinessholland.com\/fr\/produit\/stayve-ac-stem-cell-gold-ampoule\/","title":{"rendered":"Stayve AC Stem Cell Gold Ampoule"},"content":{"rendered":"<p>Le s\u00e9rum Stayve AC Stem Cell Gold Booster contient une riche composition de nombreuses cellules souches v\u00e9g\u00e9tales qui ont un excellent effet hydratant, r\u00e9g\u00e9n\u00e9rant et cicatrisant la peau.<\/p>\n<p>L\u2019extrait de Centella Asiatica a un effet antibact\u00e9rien, anti-acn\u00e9ique et anti-inflammatoire qui apaise les irritations cutan\u00e9es et r\u00e9duit l\u2019acn\u00e9.<\/p>\n<p>Les particules d\u2019or \u00e0 99,9&nbsp;% apportent un effet \u00e9claircissant en purifiant et en purifiant le teint.<\/p>\n<p>Le produit a un impact \u00e9norme sur la stimulation du processus de collag\u00e8ne et de l\u2019\u00e9lasticit\u00e9.<\/p>\n<p>Le produit ne contient pas&nbsp;: parab\u00e8nes, huile min\u00e9rale, benzoph\u00e9none, formald\u00e9hyde, colorants synth\u00e9tiques.<\/p>\n<p>Non test\u00e9 sur les animaux.<\/p>\n<p>Pays d\u2019origine&nbsp;: Produit Stayve fabriqu\u00e9 en Cor\u00e9e du Sud.<\/p>\n","protected":false},"excerpt":{"rendered":"<p>Le s\u00e9rum Stayve AC Stem Cell Gold Booster contient une riche composition de nombreuses cellules souches v\u00e9g\u00e9tales qui ont un excellent effet hydratant, r\u00e9g\u00e9n\u00e9rant et cicatrisant la peau. L\u2019extrait de Centella Asiatica a un effet antibact\u00e9rien, anti-acn\u00e9ique et anti-inflammatoire qui apaise les irritations cutan\u00e9es et r\u00e9duit l\u2019acn\u00e9. Les particules d\u2019or \u00e0 99,9&nbsp;% apportent un effet [&hellip;]<\/p>\n","protected":false},"featured_media":9752,"template":"","meta":{"_acf_changed":false,"footnotes":""},"product_brand":[],"product_cat":[95,100],"product_tag":[],"class_list":{"0":"post-9751","1":"product","2":"type-product","3":"status-publish","4":"has-post-thumbnail","6":"product_cat-cosmetique","7":"product_cat-cosmetiques-coreens","9":"first","10":"instock","11":"shipping-taxable","12":"purchasable","13":"product-type-simple"},"acf":[],"yoast_head":"<!-- This site is optimized with the Yoast SEO plugin v27.3 - https:\/\/yoast.com\/product\/yoast-seo-wordpress\/ -->\n<title>Stayve AC Stem Cell Gold Ampoule - Beauty Business Holland<\/title>\n<meta name=\"robots\" content=\"index, follow, max-snippet:-1, max-image-preview:large, max-video-preview:-1\" \/>\n<link rel=\"canonical\" href=\"https:\/\/beautybusinessholland.com\/fr\/produit\/stayve-ac-stem-cell-gold-ampoule\/\" \/>\n<meta property=\"og:locale\" content=\"fr_FR\" \/>\n<meta property=\"og:type\" content=\"article\" \/>\n<meta property=\"og:title\" content=\"Stayve AC Stem Cell Gold Ampoule - Beauty Business Holland\" \/>\n<meta property=\"og:description\" content=\"Le s\u00e9rum Stayve AC Stem Cell Gold Booster contient une riche composition de nombreuses cellules souches v\u00e9g\u00e9tales qui ont un excellent effet hydratant, r\u00e9g\u00e9n\u00e9rant et cicatrisant la peau. L\u2019extrait de Centella Asiatica a un effet antibact\u00e9rien, anti-acn\u00e9ique et anti-inflammatoire qui apaise les irritations cutan\u00e9es et r\u00e9duit l\u2019acn\u00e9. Les particules d\u2019or \u00e0 99,9&nbsp;% apportent un effet [&hellip;]\" \/>\n<meta property=\"og:url\" content=\"https:\/\/beautybusinessholland.com\/fr\/produit\/stayve-ac-stem-cell-gold-ampoule\/\" \/>\n<meta property=\"og:site_name\" content=\"Beauty Business Holland\" \/>\n<meta property=\"article:modified_time\" content=\"2025-11-18T10:15:47+00:00\" \/>\n<meta property=\"og:image\" content=\"https:\/\/beautybusinessholland.com\/wp-content\/uploads\/2025\/10\/stayve-ac-stem-cell-gold-ampoule-1.jpg\" \/>\n\t<meta property=\"og:image:width\" content=\"800\" \/>\n\t<meta property=\"og:image:height\" content=\"800\" \/>\n\t<meta property=\"og:image:type\" content=\"image\/jpeg\" \/>\n<meta name=\"twitter:card\" content=\"summary_large_image\" \/>\n<meta name=\"twitter:label1\" content=\"Dur\u00e9e de lecture estim\u00e9e\" \/>\n\t<meta name=\"twitter:data1\" content=\"1 minute\" \/>\n<script type=\"application\/ld+json\" class=\"yoast-schema-graph\">{\"@context\":\"https:\\\/\\\/schema.org\",\"@graph\":[{\"@type\":\"WebPage\",\"@id\":\"https:\\\/\\\/beautybusinessholland.com\\\/fr\\\/produit\\\/stayve-ac-stem-cell-gold-ampoule\\\/\",\"url\":\"https:\\\/\\\/beautybusinessholland.com\\\/fr\\\/produit\\\/stayve-ac-stem-cell-gold-ampoule\\\/\",\"name\":\"Stayve AC Stem Cell Gold Ampoule - Beauty Business Holland\",\"isPartOf\":{\"@id\":\"https:\\\/\\\/beautybusinessholland.com\\\/fr\\\/#website\"},\"primaryImageOfPage\":{\"@id\":\"https:\\\/\\\/beautybusinessholland.com\\\/fr\\\/produit\\\/stayve-ac-stem-cell-gold-ampoule\\\/#primaryimage\"},\"image\":{\"@id\":\"https:\\\/\\\/beautybusinessholland.com\\\/fr\\\/produit\\\/stayve-ac-stem-cell-gold-ampoule\\\/#primaryimage\"},\"thumbnailUrl\":\"https:\\\/\\\/beautybusinessholland.com\\\/wp-content\\\/uploads\\\/2025\\\/10\\\/stayve-ac-stem-cell-gold-ampoule-1.jpg\",\"datePublished\":\"2025-10-03T11:44:54+00:00\",\"dateModified\":\"2025-11-18T10:15:47+00:00\",\"breadcrumb\":{\"@id\":\"https:\\\/\\\/beautybusinessholland.com\\\/fr\\\/produit\\\/stayve-ac-stem-cell-gold-ampoule\\\/#breadcrumb\"},\"inLanguage\":\"fr-FR\",\"potentialAction\":[{\"@type\":\"ReadAction\",\"target\":[\"https:\\\/\\\/beautybusinessholland.com\\\/fr\\\/produit\\\/stayve-ac-stem-cell-gold-ampoule\\\/\"]}]},{\"@type\":\"ImageObject\",\"inLanguage\":\"fr-FR\",\"@id\":\"https:\\\/\\\/beautybusinessholland.com\\\/fr\\\/produit\\\/stayve-ac-stem-cell-gold-ampoule\\\/#primaryimage\",\"url\":\"https:\\\/\\\/beautybusinessholland.com\\\/wp-content\\\/uploads\\\/2025\\\/10\\\/stayve-ac-stem-cell-gold-ampoule-1.jpg\",\"contentUrl\":\"https:\\\/\\\/beautybusinessholland.com\\\/wp-content\\\/uploads\\\/2025\\\/10\\\/stayve-ac-stem-cell-gold-ampoule-1.jpg\",\"width\":800,\"height\":800},{\"@type\":\"BreadcrumbList\",\"@id\":\"https:\\\/\\\/beautybusinessholland.com\\\/fr\\\/produit\\\/stayve-ac-stem-cell-gold-ampoule\\\/#breadcrumb\",\"itemListElement\":[{\"@type\":\"ListItem\",\"position\":1,\"name\":\"Domicile\",\"item\":\"https:\\\/\\\/beautybusinessholland.com\\\/fr\\\/entreprise-de-beaute-hollande\\\/\"},{\"@type\":\"ListItem\",\"position\":2,\"name\":\"Boutique\",\"item\":\"https:\\\/\\\/beautybusinessholland.com\\\/fr\\\/boutique\\\/\"},{\"@type\":\"ListItem\",\"position\":3,\"name\":\"Stayve AC Stem Cell Gold Ampoule\"}]},{\"@type\":\"WebSite\",\"@id\":\"https:\\\/\\\/beautybusinessholland.com\\\/fr\\\/#website\",\"url\":\"https:\\\/\\\/beautybusinessholland.com\\\/fr\\\/\",\"name\":\"Beauty Business Holland\",\"description\":\"Beauty &amp; Health Care\",\"publisher\":{\"@id\":\"https:\\\/\\\/beautybusinessholland.com\\\/fr\\\/#organization\"},\"potentialAction\":[{\"@type\":\"SearchAction\",\"target\":{\"@type\":\"EntryPoint\",\"urlTemplate\":\"https:\\\/\\\/beautybusinessholland.com\\\/fr\\\/?s={search_term_string}\"},\"query-input\":{\"@type\":\"PropertyValueSpecification\",\"valueRequired\":true,\"valueName\":\"search_term_string\"}}],\"inLanguage\":\"fr-FR\"},{\"@type\":\"Organization\",\"@id\":\"https:\\\/\\\/beautybusinessholland.com\\\/fr\\\/#organization\",\"name\":\"Beauty Business Holland\",\"url\":\"https:\\\/\\\/beautybusinessholland.com\\\/fr\\\/\",\"logo\":{\"@type\":\"ImageObject\",\"inLanguage\":\"fr-FR\",\"@id\":\"https:\\\/\\\/beautybusinessholland.com\\\/fr\\\/#\\\/schema\\\/logo\\\/image\\\/\",\"url\":\"https:\\\/\\\/beautybusinessholland.com\\\/wp-content\\\/uploads\\\/2025\\\/04\\\/email-logo.png\",\"contentUrl\":\"https:\\\/\\\/beautybusinessholland.com\\\/wp-content\\\/uploads\\\/2025\\\/04\\\/email-logo.png\",\"width\":300,\"height\":79,\"caption\":\"Beauty Business Holland\"},\"image\":{\"@id\":\"https:\\\/\\\/beautybusinessholland.com\\\/fr\\\/#\\\/schema\\\/logo\\\/image\\\/\"}}]}<\/script>\n<!-- \/ Yoast SEO plugin. -->","yoast_head_json":{"title":"Stayve AC Stem Cell Gold Ampoule - Beauty Business Holland","robots":{"index":"index","follow":"follow","max-snippet":"max-snippet:-1","max-image-preview":"max-image-preview:large","max-video-preview":"max-video-preview:-1"},"canonical":"https:\/\/beautybusinessholland.com\/fr\/produit\/stayve-ac-stem-cell-gold-ampoule\/","og_locale":"fr_FR","og_type":"article","og_title":"Stayve AC Stem Cell Gold Ampoule - Beauty Business Holland","og_description":"Le s\u00e9rum Stayve AC Stem Cell Gold Booster contient une riche composition de nombreuses cellules souches v\u00e9g\u00e9tales qui ont un excellent effet hydratant, r\u00e9g\u00e9n\u00e9rant et cicatrisant la peau. L\u2019extrait de Centella Asiatica a un effet antibact\u00e9rien, anti-acn\u00e9ique et anti-inflammatoire qui apaise les irritations cutan\u00e9es et r\u00e9duit l\u2019acn\u00e9. Les particules d\u2019or \u00e0 99,9&nbsp;% apportent un effet [&hellip;]","og_url":"https:\/\/beautybusinessholland.com\/fr\/produit\/stayve-ac-stem-cell-gold-ampoule\/","og_site_name":"Beauty Business Holland","article_modified_time":"2025-11-18T10:15:47+00:00","og_image":[{"width":800,"height":800,"url":"https:\/\/beautybusinessholland.com\/wp-content\/uploads\/2025\/10\/stayve-ac-stem-cell-gold-ampoule-1.jpg","type":"image\/jpeg"}],"twitter_card":"summary_large_image","twitter_misc":{"Dur\u00e9e de lecture estim\u00e9e":"1 minute"},"schema":{"@context":"https:\/\/schema.org","@graph":[{"@type":"WebPage","@id":"https:\/\/beautybusinessholland.com\/fr\/produit\/stayve-ac-stem-cell-gold-ampoule\/","url":"https:\/\/beautybusinessholland.com\/fr\/produit\/stayve-ac-stem-cell-gold-ampoule\/","name":"Stayve AC Stem Cell Gold Ampoule - Beauty Business Holland","isPartOf":{"@id":"https:\/\/beautybusinessholland.com\/fr\/#website"},"primaryImageOfPage":{"@id":"https:\/\/beautybusinessholland.com\/fr\/produit\/stayve-ac-stem-cell-gold-ampoule\/#primaryimage"},"image":{"@id":"https:\/\/beautybusinessholland.com\/fr\/produit\/stayve-ac-stem-cell-gold-ampoule\/#primaryimage"},"thumbnailUrl":"https:\/\/beautybusinessholland.com\/wp-content\/uploads\/2025\/10\/stayve-ac-stem-cell-gold-ampoule-1.jpg","datePublished":"2025-10-03T11:44:54+00:00","dateModified":"2025-11-18T10:15:47+00:00","breadcrumb":{"@id":"https:\/\/beautybusinessholland.com\/fr\/produit\/stayve-ac-stem-cell-gold-ampoule\/#breadcrumb"},"inLanguage":"fr-FR","potentialAction":[{"@type":"ReadAction","target":["https:\/\/beautybusinessholland.com\/fr\/produit\/stayve-ac-stem-cell-gold-ampoule\/"]}]},{"@type":"ImageObject","inLanguage":"fr-FR","@id":"https:\/\/beautybusinessholland.com\/fr\/produit\/stayve-ac-stem-cell-gold-ampoule\/#primaryimage","url":"https:\/\/beautybusinessholland.com\/wp-content\/uploads\/2025\/10\/stayve-ac-stem-cell-gold-ampoule-1.jpg","contentUrl":"https:\/\/beautybusinessholland.com\/wp-content\/uploads\/2025\/10\/stayve-ac-stem-cell-gold-ampoule-1.jpg","width":800,"height":800},{"@type":"BreadcrumbList","@id":"https:\/\/beautybusinessholland.com\/fr\/produit\/stayve-ac-stem-cell-gold-ampoule\/#breadcrumb","itemListElement":[{"@type":"ListItem","position":1,"name":"Domicile","item":"https:\/\/beautybusinessholland.com\/fr\/entreprise-de-beaute-hollande\/"},{"@type":"ListItem","position":2,"name":"Boutique","item":"https:\/\/beautybusinessholland.com\/fr\/boutique\/"},{"@type":"ListItem","position":3,"name":"Stayve AC Stem Cell Gold Ampoule"}]},{"@type":"WebSite","@id":"https:\/\/beautybusinessholland.com\/fr\/#website","url":"https:\/\/beautybusinessholland.com\/fr\/","name":"Beauty Business Holland","description":"Beauty &amp; Health Care","publisher":{"@id":"https:\/\/beautybusinessholland.com\/fr\/#organization"},"potentialAction":[{"@type":"SearchAction","target":{"@type":"EntryPoint","urlTemplate":"https:\/\/beautybusinessholland.com\/fr\/?s={search_term_string}"},"query-input":{"@type":"PropertyValueSpecification","valueRequired":true,"valueName":"search_term_string"}}],"inLanguage":"fr-FR"},{"@type":"Organization","@id":"https:\/\/beautybusinessholland.com\/fr\/#organization","name":"Beauty Business Holland","url":"https:\/\/beautybusinessholland.com\/fr\/","logo":{"@type":"ImageObject","inLanguage":"fr-FR","@id":"https:\/\/beautybusinessholland.com\/fr\/#\/schema\/logo\/image\/","url":"https:\/\/beautybusinessholland.com\/wp-content\/uploads\/2025\/04\/email-logo.png","contentUrl":"https:\/\/beautybusinessholland.com\/wp-content\/uploads\/2025\/04\/email-logo.png","width":300,"height":79,"caption":"Beauty Business Holland"},"image":{"@id":"https:\/\/beautybusinessholland.com\/fr\/#\/schema\/logo\/image\/"}}]}},"_links":{"self":[{"href":"https:\/\/beautybusinessholland.com\/fr\/wp-json\/wp\/v2\/product\/9751","targetHints":{"allow":["GET"]}}],"collection":[{"href":"https:\/\/beautybusinessholland.com\/fr\/wp-json\/wp\/v2\/product"}],"about":[{"href":"https:\/\/beautybusinessholland.com\/fr\/wp-json\/wp\/v2\/types\/product"}],"version-history":[{"count":0,"href":"https:\/\/beautybusinessholland.com\/fr\/wp-json\/wp\/v2\/product\/9751\/revisions"}],"wp:featuredmedia":[{"embeddable":true,"href":"https:\/\/beautybusinessholland.com\/fr\/wp-json\/wp\/v2\/media\/9752"}],"wp:attachment":[{"href":"https:\/\/beautybusinessholland.com\/fr\/wp-json\/wp\/v2\/media?parent=9751"}],"wp:term":[{"taxonomy":"product_brand","embeddable":true,"href":"https:\/\/beautybusinessholland.com\/fr\/wp-json\/wp\/v2\/product_brand?post=9751"},{"taxonomy":"product_cat","embeddable":true,"href":"https:\/\/beautybusinessholland.com\/fr\/wp-json\/wp\/v2\/product_cat?post=9751"},{"taxonomy":"product_tag","embeddable":true,"href":"https:\/\/beautybusinessholland.com\/fr\/wp-json\/wp\/v2\/product_tag?post=9751"}],"curies":[{"name":"wp","href":"https:\/\/api.w.org\/{rel}","templated":true}]}}