{"id":9776,"date":"2025-10-03T13:54:53","date_gmt":"2025-10-03T11:54:53","guid":{"rendered":"https:\/\/beautybusinessholland.com\/product\/ampoule-de-collagene-stayve\/"},"modified":"2025-11-18T11:14:43","modified_gmt":"2025-11-18T10:14:43","slug":"stayve-collagen-ampoule","status":"publish","type":"product","link":"https:\/\/beautybusinessholland.com\/fr\/produit\/stayve-collagen-ampoule\/","title":{"rendered":"Stayve Collagen Ampoule"},"content":{"rendered":"<p>L\u2019ampoule de collag\u00e8ne contient du collag\u00e8ne hydrolys\u00e9 comme ingr\u00e9dient principal, id\u00e9al pour raffermir la peau et lutter contre les rides.<\/p>\n<p>Il a une teneur \u00e9lev\u00e9e en prot\u00e9ines pour rendre votre peau ferme et construire un film cutan\u00e9 pour hydrater la peau en emprisonnant l\u2019humidit\u00e9.<\/p>\n<p>Il contient \u00e9galement d\u2019autres ingr\u00e9dients tels que l\u2019ac\u00e9tate de tocoph\u00e9rol et l\u2019extrait de culture de callosit\u00e9s de Vitis Vinifera (raisin) qui agissent comme des antioxydants id\u00e9aux pour le vieillissement de la peau et emp\u00eachent l\u2019\u00e9vaporation de l\u2019humidit\u00e9 en \u00e9quilibrant les lipides de la peau.<\/p>\n<p>Le produit ne contient pas&nbsp;: parab\u00e8nes, huile min\u00e9rale, benzoph\u00e9none, formald\u00e9hyde, colorants synth\u00e9tiques.<\/p>\n<p>Non test\u00e9 sur les animaux.<\/p>\n<p>Pays d\u2019origine&nbsp;: Produit Stayve fabriqu\u00e9 en Cor\u00e9e du Sud.<\/p>\n","protected":false},"excerpt":{"rendered":"<p>L\u2019ampoule de collag\u00e8ne contient du collag\u00e8ne hydrolys\u00e9 comme ingr\u00e9dient principal, id\u00e9al pour raffermir la peau et lutter contre les rides. Il a une teneur \u00e9lev\u00e9e en prot\u00e9ines pour rendre votre peau ferme et construire un film cutan\u00e9 pour hydrater la peau en emprisonnant l\u2019humidit\u00e9. Il contient \u00e9galement d\u2019autres ingr\u00e9dients tels que l\u2019ac\u00e9tate de tocoph\u00e9rol et [&hellip;]<\/p>\n","protected":false},"featured_media":9785,"template":"","meta":{"_acf_changed":false,"footnotes":""},"product_brand":[],"product_cat":[95,100],"product_tag":[],"class_list":{"0":"post-9776","1":"product","2":"type-product","3":"status-publish","4":"has-post-thumbnail","6":"product_cat-cosmetique","7":"product_cat-cosmetiques-coreens","9":"first","10":"instock","11":"shipping-taxable","12":"purchasable","13":"product-type-simple"},"acf":[],"yoast_head":"<!-- This site is optimized with the Yoast SEO plugin v27.3 - https:\/\/yoast.com\/product\/yoast-seo-wordpress\/ -->\n<title>Stayve Collagen Ampoule - Beauty Business Holland<\/title>\n<meta name=\"robots\" content=\"index, follow, max-snippet:-1, max-image-preview:large, max-video-preview:-1\" \/>\n<link rel=\"canonical\" href=\"https:\/\/beautybusinessholland.com\/fr\/produit\/stayve-collagen-ampoule\/\" \/>\n<meta property=\"og:locale\" content=\"fr_FR\" \/>\n<meta property=\"og:type\" content=\"article\" \/>\n<meta property=\"og:title\" content=\"Stayve Collagen Ampoule - Beauty Business Holland\" \/>\n<meta property=\"og:description\" content=\"L\u2019ampoule de collag\u00e8ne contient du collag\u00e8ne hydrolys\u00e9 comme ingr\u00e9dient principal, id\u00e9al pour raffermir la peau et lutter contre les rides. Il a une teneur \u00e9lev\u00e9e en prot\u00e9ines pour rendre votre peau ferme et construire un film cutan\u00e9 pour hydrater la peau en emprisonnant l\u2019humidit\u00e9. Il contient \u00e9galement d\u2019autres ingr\u00e9dients tels que l\u2019ac\u00e9tate de tocoph\u00e9rol et [&hellip;]\" \/>\n<meta property=\"og:url\" content=\"https:\/\/beautybusinessholland.com\/fr\/produit\/stayve-collagen-ampoule\/\" \/>\n<meta property=\"og:site_name\" content=\"Beauty Business Holland\" \/>\n<meta property=\"article:modified_time\" content=\"2025-11-18T10:14:43+00:00\" \/>\n<meta property=\"og:image\" content=\"https:\/\/beautybusinessholland.com\/wp-content\/uploads\/2025\/10\/stayve-collagen-ampoule-1-1.jpg\" \/>\n\t<meta property=\"og:image:width\" content=\"775\" \/>\n\t<meta property=\"og:image:height\" content=\"762\" \/>\n\t<meta property=\"og:image:type\" content=\"image\/jpeg\" \/>\n<meta name=\"twitter:card\" content=\"summary_large_image\" \/>\n<meta name=\"twitter:label1\" content=\"Dur\u00e9e de lecture estim\u00e9e\" \/>\n\t<meta name=\"twitter:data1\" content=\"1 minute\" \/>\n<script type=\"application\/ld+json\" class=\"yoast-schema-graph\">{\"@context\":\"https:\\\/\\\/schema.org\",\"@graph\":[{\"@type\":\"WebPage\",\"@id\":\"https:\\\/\\\/beautybusinessholland.com\\\/fr\\\/produit\\\/stayve-collagen-ampoule\\\/\",\"url\":\"https:\\\/\\\/beautybusinessholland.com\\\/fr\\\/produit\\\/stayve-collagen-ampoule\\\/\",\"name\":\"Stayve Collagen Ampoule - Beauty Business Holland\",\"isPartOf\":{\"@id\":\"https:\\\/\\\/beautybusinessholland.com\\\/fr\\\/#website\"},\"primaryImageOfPage\":{\"@id\":\"https:\\\/\\\/beautybusinessholland.com\\\/fr\\\/produit\\\/stayve-collagen-ampoule\\\/#primaryimage\"},\"image\":{\"@id\":\"https:\\\/\\\/beautybusinessholland.com\\\/fr\\\/produit\\\/stayve-collagen-ampoule\\\/#primaryimage\"},\"thumbnailUrl\":\"https:\\\/\\\/beautybusinessholland.com\\\/wp-content\\\/uploads\\\/2025\\\/10\\\/stayve-collagen-ampoule-1-1.jpg\",\"datePublished\":\"2025-10-03T11:54:53+00:00\",\"dateModified\":\"2025-11-18T10:14:43+00:00\",\"breadcrumb\":{\"@id\":\"https:\\\/\\\/beautybusinessholland.com\\\/fr\\\/produit\\\/stayve-collagen-ampoule\\\/#breadcrumb\"},\"inLanguage\":\"fr-FR\",\"potentialAction\":[{\"@type\":\"ReadAction\",\"target\":[\"https:\\\/\\\/beautybusinessholland.com\\\/fr\\\/produit\\\/stayve-collagen-ampoule\\\/\"]}]},{\"@type\":\"ImageObject\",\"inLanguage\":\"fr-FR\",\"@id\":\"https:\\\/\\\/beautybusinessholland.com\\\/fr\\\/produit\\\/stayve-collagen-ampoule\\\/#primaryimage\",\"url\":\"https:\\\/\\\/beautybusinessholland.com\\\/wp-content\\\/uploads\\\/2025\\\/10\\\/stayve-collagen-ampoule-1-1.jpg\",\"contentUrl\":\"https:\\\/\\\/beautybusinessholland.com\\\/wp-content\\\/uploads\\\/2025\\\/10\\\/stayve-collagen-ampoule-1-1.jpg\",\"width\":775,\"height\":762},{\"@type\":\"BreadcrumbList\",\"@id\":\"https:\\\/\\\/beautybusinessholland.com\\\/fr\\\/produit\\\/stayve-collagen-ampoule\\\/#breadcrumb\",\"itemListElement\":[{\"@type\":\"ListItem\",\"position\":1,\"name\":\"Domicile\",\"item\":\"https:\\\/\\\/beautybusinessholland.com\\\/fr\\\/entreprise-de-beaute-hollande\\\/\"},{\"@type\":\"ListItem\",\"position\":2,\"name\":\"Boutique\",\"item\":\"https:\\\/\\\/beautybusinessholland.com\\\/fr\\\/boutique\\\/\"},{\"@type\":\"ListItem\",\"position\":3,\"name\":\"Stayve Collagen Ampoule\"}]},{\"@type\":\"WebSite\",\"@id\":\"https:\\\/\\\/beautybusinessholland.com\\\/fr\\\/#website\",\"url\":\"https:\\\/\\\/beautybusinessholland.com\\\/fr\\\/\",\"name\":\"Beauty Business Holland\",\"description\":\"Beauty &amp; Health Care\",\"publisher\":{\"@id\":\"https:\\\/\\\/beautybusinessholland.com\\\/fr\\\/#organization\"},\"potentialAction\":[{\"@type\":\"SearchAction\",\"target\":{\"@type\":\"EntryPoint\",\"urlTemplate\":\"https:\\\/\\\/beautybusinessholland.com\\\/fr\\\/?s={search_term_string}\"},\"query-input\":{\"@type\":\"PropertyValueSpecification\",\"valueRequired\":true,\"valueName\":\"search_term_string\"}}],\"inLanguage\":\"fr-FR\"},{\"@type\":\"Organization\",\"@id\":\"https:\\\/\\\/beautybusinessholland.com\\\/fr\\\/#organization\",\"name\":\"Beauty Business Holland\",\"url\":\"https:\\\/\\\/beautybusinessholland.com\\\/fr\\\/\",\"logo\":{\"@type\":\"ImageObject\",\"inLanguage\":\"fr-FR\",\"@id\":\"https:\\\/\\\/beautybusinessholland.com\\\/fr\\\/#\\\/schema\\\/logo\\\/image\\\/\",\"url\":\"https:\\\/\\\/beautybusinessholland.com\\\/wp-content\\\/uploads\\\/2025\\\/04\\\/email-logo.png\",\"contentUrl\":\"https:\\\/\\\/beautybusinessholland.com\\\/wp-content\\\/uploads\\\/2025\\\/04\\\/email-logo.png\",\"width\":300,\"height\":79,\"caption\":\"Beauty Business Holland\"},\"image\":{\"@id\":\"https:\\\/\\\/beautybusinessholland.com\\\/fr\\\/#\\\/schema\\\/logo\\\/image\\\/\"}}]}<\/script>\n<!-- \/ Yoast SEO plugin. -->","yoast_head_json":{"title":"Stayve Collagen Ampoule - Beauty Business Holland","robots":{"index":"index","follow":"follow","max-snippet":"max-snippet:-1","max-image-preview":"max-image-preview:large","max-video-preview":"max-video-preview:-1"},"canonical":"https:\/\/beautybusinessholland.com\/fr\/produit\/stayve-collagen-ampoule\/","og_locale":"fr_FR","og_type":"article","og_title":"Stayve Collagen Ampoule - Beauty Business Holland","og_description":"L\u2019ampoule de collag\u00e8ne contient du collag\u00e8ne hydrolys\u00e9 comme ingr\u00e9dient principal, id\u00e9al pour raffermir la peau et lutter contre les rides. Il a une teneur \u00e9lev\u00e9e en prot\u00e9ines pour rendre votre peau ferme et construire un film cutan\u00e9 pour hydrater la peau en emprisonnant l\u2019humidit\u00e9. Il contient \u00e9galement d\u2019autres ingr\u00e9dients tels que l\u2019ac\u00e9tate de tocoph\u00e9rol et [&hellip;]","og_url":"https:\/\/beautybusinessholland.com\/fr\/produit\/stayve-collagen-ampoule\/","og_site_name":"Beauty Business Holland","article_modified_time":"2025-11-18T10:14:43+00:00","og_image":[{"width":775,"height":762,"url":"https:\/\/beautybusinessholland.com\/wp-content\/uploads\/2025\/10\/stayve-collagen-ampoule-1-1.jpg","type":"image\/jpeg"}],"twitter_card":"summary_large_image","twitter_misc":{"Dur\u00e9e de lecture estim\u00e9e":"1 minute"},"schema":{"@context":"https:\/\/schema.org","@graph":[{"@type":"WebPage","@id":"https:\/\/beautybusinessholland.com\/fr\/produit\/stayve-collagen-ampoule\/","url":"https:\/\/beautybusinessholland.com\/fr\/produit\/stayve-collagen-ampoule\/","name":"Stayve Collagen Ampoule - Beauty Business Holland","isPartOf":{"@id":"https:\/\/beautybusinessholland.com\/fr\/#website"},"primaryImageOfPage":{"@id":"https:\/\/beautybusinessholland.com\/fr\/produit\/stayve-collagen-ampoule\/#primaryimage"},"image":{"@id":"https:\/\/beautybusinessholland.com\/fr\/produit\/stayve-collagen-ampoule\/#primaryimage"},"thumbnailUrl":"https:\/\/beautybusinessholland.com\/wp-content\/uploads\/2025\/10\/stayve-collagen-ampoule-1-1.jpg","datePublished":"2025-10-03T11:54:53+00:00","dateModified":"2025-11-18T10:14:43+00:00","breadcrumb":{"@id":"https:\/\/beautybusinessholland.com\/fr\/produit\/stayve-collagen-ampoule\/#breadcrumb"},"inLanguage":"fr-FR","potentialAction":[{"@type":"ReadAction","target":["https:\/\/beautybusinessholland.com\/fr\/produit\/stayve-collagen-ampoule\/"]}]},{"@type":"ImageObject","inLanguage":"fr-FR","@id":"https:\/\/beautybusinessholland.com\/fr\/produit\/stayve-collagen-ampoule\/#primaryimage","url":"https:\/\/beautybusinessholland.com\/wp-content\/uploads\/2025\/10\/stayve-collagen-ampoule-1-1.jpg","contentUrl":"https:\/\/beautybusinessholland.com\/wp-content\/uploads\/2025\/10\/stayve-collagen-ampoule-1-1.jpg","width":775,"height":762},{"@type":"BreadcrumbList","@id":"https:\/\/beautybusinessholland.com\/fr\/produit\/stayve-collagen-ampoule\/#breadcrumb","itemListElement":[{"@type":"ListItem","position":1,"name":"Domicile","item":"https:\/\/beautybusinessholland.com\/fr\/entreprise-de-beaute-hollande\/"},{"@type":"ListItem","position":2,"name":"Boutique","item":"https:\/\/beautybusinessholland.com\/fr\/boutique\/"},{"@type":"ListItem","position":3,"name":"Stayve Collagen Ampoule"}]},{"@type":"WebSite","@id":"https:\/\/beautybusinessholland.com\/fr\/#website","url":"https:\/\/beautybusinessholland.com\/fr\/","name":"Beauty Business Holland","description":"Beauty &amp; Health Care","publisher":{"@id":"https:\/\/beautybusinessholland.com\/fr\/#organization"},"potentialAction":[{"@type":"SearchAction","target":{"@type":"EntryPoint","urlTemplate":"https:\/\/beautybusinessholland.com\/fr\/?s={search_term_string}"},"query-input":{"@type":"PropertyValueSpecification","valueRequired":true,"valueName":"search_term_string"}}],"inLanguage":"fr-FR"},{"@type":"Organization","@id":"https:\/\/beautybusinessholland.com\/fr\/#organization","name":"Beauty Business Holland","url":"https:\/\/beautybusinessholland.com\/fr\/","logo":{"@type":"ImageObject","inLanguage":"fr-FR","@id":"https:\/\/beautybusinessholland.com\/fr\/#\/schema\/logo\/image\/","url":"https:\/\/beautybusinessholland.com\/wp-content\/uploads\/2025\/04\/email-logo.png","contentUrl":"https:\/\/beautybusinessholland.com\/wp-content\/uploads\/2025\/04\/email-logo.png","width":300,"height":79,"caption":"Beauty Business Holland"},"image":{"@id":"https:\/\/beautybusinessholland.com\/fr\/#\/schema\/logo\/image\/"}}]}},"_links":{"self":[{"href":"https:\/\/beautybusinessholland.com\/fr\/wp-json\/wp\/v2\/product\/9776","targetHints":{"allow":["GET"]}}],"collection":[{"href":"https:\/\/beautybusinessholland.com\/fr\/wp-json\/wp\/v2\/product"}],"about":[{"href":"https:\/\/beautybusinessholland.com\/fr\/wp-json\/wp\/v2\/types\/product"}],"version-history":[{"count":0,"href":"https:\/\/beautybusinessholland.com\/fr\/wp-json\/wp\/v2\/product\/9776\/revisions"}],"wp:featuredmedia":[{"embeddable":true,"href":"https:\/\/beautybusinessholland.com\/fr\/wp-json\/wp\/v2\/media\/9785"}],"wp:attachment":[{"href":"https:\/\/beautybusinessholland.com\/fr\/wp-json\/wp\/v2\/media?parent=9776"}],"wp:term":[{"taxonomy":"product_brand","embeddable":true,"href":"https:\/\/beautybusinessholland.com\/fr\/wp-json\/wp\/v2\/product_brand?post=9776"},{"taxonomy":"product_cat","embeddable":true,"href":"https:\/\/beautybusinessholland.com\/fr\/wp-json\/wp\/v2\/product_cat?post=9776"},{"taxonomy":"product_tag","embeddable":true,"href":"https:\/\/beautybusinessholland.com\/fr\/wp-json\/wp\/v2\/product_tag?post=9776"}],"curies":[{"name":"wp","href":"https:\/\/api.w.org\/{rel}","templated":true}]}}